{"id":46,"date":"2016-08-03T10:12:14","date_gmt":"2016-08-03T10:12:14","guid":{"rendered":"http:\/\/smokeboard.ee\/?page_id=46"},"modified":"2025-06-20T20:14:39","modified_gmt":"2025-06-20T20:14:39","slug":"home","status":"publish","type":"page","link":"https:\/\/www.smokeboard.ee\/","title":{"rendered":"Avaleht"},"content":{"rendered":"\n<h2>SmokeBoard<\/h2>\n<h4>Iga\u00fcks saab hakkama!<\/h4>\n<h2>Sobib nii algajale kui ka t\u00f5elisele grillmeistrile<\/h2>\n\t\t\t\t<img decoding=\"async\" src=\"http:\/\/smokeboard.ee\/wp-content\/uploads\/2016\/08\/5.jpg\" alt=\"5\" itemprop=\"image\" title=\"5\" onerror=\"this.style.display='none'\" loading='lazy' \/>\n\t<p>Suitsutuslaual k\u00fcpsetamine ja suitsutamine on k\u00f5ige lihtsam viis anda roale\u00a0tagasihoidlik, m\u00f5\u00f5dukas suitsumaitse ja aroom. Parim osa selle juures on, et selleks ei ole vaja uhket suitsuahju v\u00f5i muid erilisi seadmeid ega isegi erilist koolitust, et alustada roa suitsutamisega. K\u00f5ik mida selleks vaja l\u00e4heb on SmokeBoard suitsutuslaud.<\/p>\n\t\t\t\t<img decoding=\"async\" src=\"http:\/\/smokeboard.ee\/wp-content\/uploads\/2016\/08\/2_1.jpg\" alt=\"2_1\" itemprop=\"image\" title=\"2_1\" onerror=\"this.style.display='none'\" loading='lazy' \/>\n\t\t\t\t<img decoding=\"async\" src=\"http:\/\/smokeboard.ee\/wp-content\/uploads\/2016\/08\/2_.jpg\" alt=\"2_\" itemprop=\"image\" title=\"2_\" onerror=\"this.style.display='none'\" loading='lazy' \/>\n\t\t\t\t<img decoding=\"async\" src=\"http:\/\/smokeboard.ee\/wp-content\/uploads\/2016\/08\/3.jpg\" alt=\"3\" itemprop=\"image\" title=\"3\" onerror=\"this.style.display='none'\" loading='lazy' \/>\n\t<p>Sellise k\u00fcpsetusviisi juured ulatuvad kaugele minevikku, aega, mil Ameerika p\u00f5lisrahvas, indiaanlsed aastasadu tagasi sarnasel moel l\u00f5he ning ka muid kalasi k\u00fcpsetasid. Teine arvamus on, et see meetod p\u00e4rineb hoopis Skandinaaviast ning toodi Ameerikasse esimeste sisser\u00e4ndajate poolt.<\/p>\n\t\t\t\t<img decoding=\"async\" src=\"http:\/\/smokeboard.ee\/wp-content\/uploads\/2016\/08\/salish-man_pb40.jpg\" alt=\"salish-man_pb40\" itemprop=\"image\" title=\"salish-man_pb40\" onerror=\"this.style.display='none'\" loading='lazy' \/>\n\t\t\t\t<img decoding=\"async\" src=\"http:\/\/smokeboard.ee\/wp-content\/uploads\/2016\/08\/photo-1438028610558-46e6d5883120-e1470920581989.jpg\" alt=\"photo-1438028610558-46e6d5883120\" itemprop=\"image\" title=\"photo-1438028610558-46e6d5883120\" onerror=\"this.style.display='none'\" loading='lazy' \/>\n\t<p>On dokumenteeritud, et p\u00f5lisameeriklased p\u00fc\u00fcdsid spetsiaalsete odade ja harkidega sisemaa j\u00f5gedest sinna kudema tulnud l\u00f5hesi ning pikemaks s\u00e4ilitamiseks suitsutasid need suitsutuslaudadega.<\/p>\n\n","protected":false},"excerpt":{"rendered":"<p>SmokeBoard Iga\u00fcks saab hakkama! Sobib nii algajale kui ka t\u00f5elisele grillmeistrile Suitsutuslaual k\u00fcpsetamine ja suitsutamine on k\u00f5ige lihtsam viis anda roale\u00a0tagasihoidlik, m\u00f5\u00f5dukas suitsumaitse ja aroom. Parim osa selle juures on, et selleks ei ole vaja uhket suitsuahju v\u00f5i muid erilisi seadmeid ega isegi erilist koolitust, et alustada roa suitsutamisega. K\u00f5ik mida selleks vaja l\u00e4heb on&#8230;<\/p>\n","protected":false},"author":1,"featured_media":0,"parent":0,"menu_order":0,"comment_status":"closed","ping_status":"closed","template":"full-width-page.php","meta":{"footnotes":""},"class_list":["post-46","page","type-page","status-publish","hentry"],"_links":{"self":[{"href":"https:\/\/www.smokeboard.ee\/index.php\/wp-json\/wp\/v2\/pages\/46","targetHints":{"allow":["GET"]}}],"collection":[{"href":"https:\/\/www.smokeboard.ee\/index.php\/wp-json\/wp\/v2\/pages"}],"about":[{"href":"https:\/\/www.smokeboard.ee\/index.php\/wp-json\/wp\/v2\/types\/page"}],"author":[{"embeddable":true,"href":"https:\/\/www.smokeboard.ee\/index.php\/wp-json\/wp\/v2\/users\/1"}],"replies":[{"embeddable":true,"href":"https:\/\/www.smokeboard.ee\/index.php\/wp-json\/wp\/v2\/comments?post=46"}],"version-history":[{"count":5,"href":"https:\/\/www.smokeboard.ee\/index.php\/wp-json\/wp\/v2\/pages\/46\/revisions"}],"predecessor-version":[{"id":146,"href":"https:\/\/www.smokeboard.ee\/index.php\/wp-json\/wp\/v2\/pages\/46\/revisions\/146"}],"wp:attachment":[{"href":"https:\/\/www.smokeboard.ee\/index.php\/wp-json\/wp\/v2\/media?parent=46"}],"curies":[{"name":"wp","href":"https:\/\/api.w.org\/{rel}","templated":true}]}}